{"id":5738,"date":"2026-04-18T17:27:02","date_gmt":"2026-04-18T17:27:02","guid":{"rendered":"https:\/\/www.spirulineangevine.com\/?post_type=product&#038;p=5738"},"modified":"2026-04-18T17:28:34","modified_gmt":"2026-04-18T17:28:34","slug":"chocolat-en-mini-tablettes-a-la-spiruline-melange","status":"publish","type":"product","link":"https:\/\/www.spirulineangevine.com\/index.php\/produit\/chocolat-en-mini-tablettes-a-la-spiruline-melange\/","title":{"rendered":"Chocolat en mini-tablettes \u00e0 la spiruline &#8211; M\u00e9lange"},"content":{"rendered":"<p>Bouch\u00e9es de chocolat pur beurre de cacao avec 10% de spiruline (dessus et dedans !).<\/p>\n<p>Mini-tablettes de chocolat pur beurre de cacao : noir 72%, au lait 39% et blond. Avec 10% de spiruline en petites brindilles. Un sachet contient 11 \u00e0 13 bouch\u00e9es, soit 80-85g de produit.<\/p>\n<p>Ce produit est g\u00e9n\u00e9ralement indisponible de fin avril \u00e0 d\u00e9but novembre.<\/p>\n<p>Trois versions disponibles : 100% noir, 100% lait ou en m\u00e9lange de chocolats, de couleurs et de saveurs (noir, lait et blond).<\/p>\n","protected":false},"excerpt":{"rendered":"<p>Bouch\u00e9es de chocolat pur beurre de cacao avec 10% de spiruline (dessus et dedans !). Mini-tablettes de chocolat pur beurre de cacao : noir 72%, au lait 39% et blond. Avec 10% de spiruline en petites brindilles. Un sachet contient 11 \u00e0 13 bouch\u00e9es, soit 80-85g de produit. Ce produit est g\u00e9n\u00e9ralement indisponible de fin [&hellip;]<\/p>\n","protected":false},"featured_media":5271,"template":"","meta":{"_vp_format_video_url":"","_vp_image_focal_point":[]},"product_brand":[],"product_cat":[53,42],"product_tag":[],"class_list":{"0":"post-5738","1":"product","2":"type-product","3":"status-publish","4":"has-post-thumbnail","6":"product_cat-melange-sucre","7":"product_cat-paillettes","8":"product_shipping_class-lettre-suivie","10":"first","11":"instock","12":"taxable","13":"shipping-taxable","14":"purchasable","15":"product-type-simple"},"aioseo_notices":[],"jetpack_sharing_enabled":true,"_links":{"self":[{"href":"https:\/\/www.spirulineangevine.com\/index.php\/wp-json\/wp\/v2\/product\/5738","targetHints":{"allow":["GET"]}}],"collection":[{"href":"https:\/\/www.spirulineangevine.com\/index.php\/wp-json\/wp\/v2\/product"}],"about":[{"href":"https:\/\/www.spirulineangevine.com\/index.php\/wp-json\/wp\/v2\/types\/product"}],"wp:featuredmedia":[{"embeddable":true,"href":"https:\/\/www.spirulineangevine.com\/index.php\/wp-json\/wp\/v2\/media\/5271"}],"wp:attachment":[{"href":"https:\/\/www.spirulineangevine.com\/index.php\/wp-json\/wp\/v2\/media?parent=5738"}],"wp:term":[{"taxonomy":"product_brand","embeddable":true,"href":"https:\/\/www.spirulineangevine.com\/index.php\/wp-json\/wp\/v2\/product_brand?post=5738"},{"taxonomy":"product_cat","embeddable":true,"href":"https:\/\/www.spirulineangevine.com\/index.php\/wp-json\/wp\/v2\/product_cat?post=5738"},{"taxonomy":"product_tag","embeddable":true,"href":"https:\/\/www.spirulineangevine.com\/index.php\/wp-json\/wp\/v2\/product_tag?post=5738"}],"curies":[{"name":"wp","href":"https:\/\/api.w.org\/{rel}","templated":true}]}}