{"id":5502,"date":"2025-12-18T14:04:11","date_gmt":"2025-12-18T14:04:11","guid":{"rendered":"https:\/\/www.spirulineangevine.com\/?post_type=product&#038;p=5502"},"modified":"2025-12-18T14:04:11","modified_gmt":"2025-12-18T14:04:11","slug":"spiruline-fumee-en-paillettes-50g","status":"publish","type":"product","link":"https:\/\/www.spirulineangevine.com\/index.php\/produit\/spiruline-fumee-en-paillettes-50g\/","title":{"rendered":"Spiruline fum\u00e9e en paillettes &#8211; 50g"},"content":{"rendered":"<p>Paillettes fum\u00e9es \u00e0 froid, pour ajouter une touche originale \u00e0 vos l\u00e9gumes, vos toasts&#8230;<br \/>\nPot de 50g<\/p>\n","protected":false},"excerpt":{"rendered":"<p>Paillettes fum\u00e9es \u00e0 froid, pour ajouter une touche originale \u00e0 vos l\u00e9gumes, vos toasts&#8230; Pot de 50g<\/p>\n","protected":false},"featured_media":5503,"template":"","meta":{"_vp_format_video_url":"","_vp_image_focal_point":[]},"product_brand":[],"product_cat":[15],"product_tag":[],"class_list":{"0":"post-5502","1":"product","2":"type-product","3":"status-publish","4":"has-post-thumbnail","6":"product_cat-non-classe","7":"product_shipping_class-colissimo","9":"first","10":"instock","11":"taxable","12":"shipping-taxable","13":"purchasable","14":"product-type-simple"},"aioseo_notices":[],"jetpack_sharing_enabled":true,"_links":{"self":[{"href":"https:\/\/www.spirulineangevine.com\/index.php\/wp-json\/wp\/v2\/product\/5502","targetHints":{"allow":["GET"]}}],"collection":[{"href":"https:\/\/www.spirulineangevine.com\/index.php\/wp-json\/wp\/v2\/product"}],"about":[{"href":"https:\/\/www.spirulineangevine.com\/index.php\/wp-json\/wp\/v2\/types\/product"}],"wp:featuredmedia":[{"embeddable":true,"href":"https:\/\/www.spirulineangevine.com\/index.php\/wp-json\/wp\/v2\/media\/5503"}],"wp:attachment":[{"href":"https:\/\/www.spirulineangevine.com\/index.php\/wp-json\/wp\/v2\/media?parent=5502"}],"wp:term":[{"taxonomy":"product_brand","embeddable":true,"href":"https:\/\/www.spirulineangevine.com\/index.php\/wp-json\/wp\/v2\/product_brand?post=5502"},{"taxonomy":"product_cat","embeddable":true,"href":"https:\/\/www.spirulineangevine.com\/index.php\/wp-json\/wp\/v2\/product_cat?post=5502"},{"taxonomy":"product_tag","embeddable":true,"href":"https:\/\/www.spirulineangevine.com\/index.php\/wp-json\/wp\/v2\/product_tag?post=5502"}],"curies":[{"name":"wp","href":"https:\/\/api.w.org\/{rel}","templated":true}]}}