{"id":5301,"date":"2025-10-09T09:15:10","date_gmt":"2025-10-09T09:15:10","guid":{"rendered":"http:\/\/rtdszcw.cluster100.hosting.ovh.net\/index.php\/produit\/cuirs-de-fruits-a-la-spiruline-50g\/"},"modified":"2025-12-18T14:12:57","modified_gmt":"2025-12-18T14:12:57","slug":"cuirs-de-fruits-a-la-spiruline-50g","status":"publish","type":"product","link":"https:\/\/www.spirulineangevine.com\/index.php\/produit\/cuirs-de-fruits-a-la-spiruline-50g\/","title":{"rendered":"Cuirs de fruits \u00e0 la spiruline (50g)"},"content":{"rendered":"<p>Compot\u00e9es de fruits et de spiruline, juste d\u00e9shydrat\u00e9es en couche fine : du fruit concentr\u00e9 !<\/p>\n<p>Chaque sachet contient un m\u00e9lange de fruits qui varient selon les saisons, 3-4 parfums \u00e0 d\u00e9couvrir par sachet. Exemples de cuirs : abricot, fraise, framboise, melon, pomme, coings, figue&#8230;<\/p>\n<p>Une friandise sans sucre ajout\u00e9 \u00e0 grignoter \u00e0 tout \u00e2ge, pour les petits creux ou simplement pour le plaisir !<\/p>\n","protected":false},"excerpt":{"rendered":"<p>Compot\u00e9es de fruits et de spiruline, juste d\u00e9shydrat\u00e9es en couche fine : du fruit concentr\u00e9 ! Chaque sachet contient un m\u00e9lange de fruits qui varient selon les saisons, 3-4 parfums \u00e0 d\u00e9couvrir par sachet. Exemples de cuirs : abricot, fraise, framboise, melon, pomme, coings, figue&#8230; Une friandise sans sucre ajout\u00e9 \u00e0 grignoter \u00e0 tout \u00e2ge, [&hellip;]<\/p>\n","protected":false},"featured_media":5485,"template":"","meta":{"_vp_format_video_url":"","_vp_image_focal_point":[]},"product_brand":[],"product_cat":[53],"product_tag":[],"class_list":{"0":"post-5301","1":"product","2":"type-product","3":"status-publish","4":"has-post-thumbnail","6":"product_cat-melange-sucre","7":"product_shipping_class-lettre-suivie","9":"first","10":"instock","11":"taxable","12":"shipping-taxable","13":"purchasable","14":"product-type-simple"},"aioseo_notices":[],"jetpack_sharing_enabled":true,"_links":{"self":[{"href":"https:\/\/www.spirulineangevine.com\/index.php\/wp-json\/wp\/v2\/product\/5301","targetHints":{"allow":["GET"]}}],"collection":[{"href":"https:\/\/www.spirulineangevine.com\/index.php\/wp-json\/wp\/v2\/product"}],"about":[{"href":"https:\/\/www.spirulineangevine.com\/index.php\/wp-json\/wp\/v2\/types\/product"}],"wp:featuredmedia":[{"embeddable":true,"href":"https:\/\/www.spirulineangevine.com\/index.php\/wp-json\/wp\/v2\/media\/5485"}],"wp:attachment":[{"href":"https:\/\/www.spirulineangevine.com\/index.php\/wp-json\/wp\/v2\/media?parent=5301"}],"wp:term":[{"taxonomy":"product_brand","embeddable":true,"href":"https:\/\/www.spirulineangevine.com\/index.php\/wp-json\/wp\/v2\/product_brand?post=5301"},{"taxonomy":"product_cat","embeddable":true,"href":"https:\/\/www.spirulineangevine.com\/index.php\/wp-json\/wp\/v2\/product_cat?post=5301"},{"taxonomy":"product_tag","embeddable":true,"href":"https:\/\/www.spirulineangevine.com\/index.php\/wp-json\/wp\/v2\/product_tag?post=5301"}],"curies":[{"name":"wp","href":"https:\/\/api.w.org\/{rel}","templated":true}]}}