{"id":5300,"date":"2025-10-09T09:15:09","date_gmt":"2025-10-09T09:15:09","guid":{"rendered":"http:\/\/rtdszcw.cluster100.hosting.ovh.net\/index.php\/produit\/spiruline-vivante-500ml-pour-essais-biologiques\/"},"modified":"2026-03-30T11:45:52","modified_gmt":"2026-03-30T11:45:52","slug":"spiruline-vivante-500ml-pour-essais-biologiques","status":"publish","type":"product","link":"https:\/\/www.spirulineangevine.com\/index.php\/produit\/spiruline-vivante-500ml-pour-essais-biologiques\/","title":{"rendered":"Spiruline vivante 500ml pour essais biologiques"},"content":{"rendered":"<p>Cellules de spiruline vivantes, dans leur milieu de culture. Souche de 500mL exp\u00e9di\u00e9e \u00e0 temp\u00e9rature ambiante en colissimo dans une bouteille plastique.<\/p>\n<p>Pour essais :\u00a0ne pas consommer car le transport\u00a0ne garantit pas la qualit\u00e9 du produit.<\/p>\n<p>Exp\u00e9dition du lundi au mercredi midi.<\/p>\n","protected":false},"excerpt":{"rendered":"<p>Cellules de spiruline vivantes, dans leur milieu de culture. Souche de 500mL exp\u00e9di\u00e9e \u00e0 temp\u00e9rature ambiante en colissimo dans une bouteille plastique. Pour essais :\u00a0ne pas consommer car le transport\u00a0ne garantit pas la qualit\u00e9 du produit. Exp\u00e9dition du lundi au mercredi midi.<\/p>\n","protected":false},"featured_media":5348,"template":"","meta":{"_vp_format_video_url":"","_vp_image_focal_point":[]},"product_brand":[],"product_cat":[15],"product_tag":[],"class_list":{"0":"post-5300","1":"product","2":"type-product","3":"status-publish","4":"has-post-thumbnail","6":"product_cat-non-classe","7":"product_shipping_class-colissimo","9":"first","10":"instock","11":"taxable","12":"shipping-taxable","13":"purchasable","14":"product-type-simple"},"aioseo_notices":[],"jetpack_sharing_enabled":true,"_links":{"self":[{"href":"https:\/\/www.spirulineangevine.com\/index.php\/wp-json\/wp\/v2\/product\/5300","targetHints":{"allow":["GET"]}}],"collection":[{"href":"https:\/\/www.spirulineangevine.com\/index.php\/wp-json\/wp\/v2\/product"}],"about":[{"href":"https:\/\/www.spirulineangevine.com\/index.php\/wp-json\/wp\/v2\/types\/product"}],"wp:featuredmedia":[{"embeddable":true,"href":"https:\/\/www.spirulineangevine.com\/index.php\/wp-json\/wp\/v2\/media\/5348"}],"wp:attachment":[{"href":"https:\/\/www.spirulineangevine.com\/index.php\/wp-json\/wp\/v2\/media?parent=5300"}],"wp:term":[{"taxonomy":"product_brand","embeddable":true,"href":"https:\/\/www.spirulineangevine.com\/index.php\/wp-json\/wp\/v2\/product_brand?post=5300"},{"taxonomy":"product_cat","embeddable":true,"href":"https:\/\/www.spirulineangevine.com\/index.php\/wp-json\/wp\/v2\/product_cat?post=5300"},{"taxonomy":"product_tag","embeddable":true,"href":"https:\/\/www.spirulineangevine.com\/index.php\/wp-json\/wp\/v2\/product_tag?post=5300"}],"curies":[{"name":"wp","href":"https:\/\/api.w.org\/{rel}","templated":true}]}}