{"id":5298,"date":"2025-10-09T09:15:09","date_gmt":"2025-10-09T09:15:09","guid":{"rendered":"http:\/\/rtdszcw.cluster100.hosting.ovh.net\/index.php\/produit\/gomasio-aux-epices-et-a-la-spiruline-50g\/"},"modified":"2026-01-27T16:56:16","modified_gmt":"2026-01-27T16:56:16","slug":"gomasio-aux-epices-et-a-la-spiruline-50g","status":"publish","type":"product","link":"https:\/\/www.spirulineangevine.com\/index.php\/produit\/gomasio-aux-epices-et-a-la-spiruline-50g\/","title":{"rendered":"Gomasio aux \u00e9pices et \u00e0 la spiruline (50g)"},"content":{"rendered":"<p>Variation spirulin\u00e9e (40%) et \u00e9pic\u00e9e du gomasio. Ce m\u00e9lange sera parfait sur des p\u00e2tes ou des l\u00e9gumes.<\/p>\n<p>&nbsp;<\/p>\n<p><span class=\"fontstyle0\">Ingr\u00e9dients : spiruline 40%, <\/span><span class=\"fontstyle0\">SESAME TOASTE, Sel moulu Gu\u00e9rande, paprika, <\/span><span class=\"fontstyle0\">ail, ciboulette, persil, oignon.<\/span><\/p>\n","protected":false},"excerpt":{"rendered":"<p>Variation spirulin\u00e9e (40%) et \u00e9pic\u00e9e du gomasio. Ce m\u00e9lange sera parfait sur des p\u00e2tes ou des l\u00e9gumes. &nbsp; Ingr\u00e9dients : spiruline 40%, SESAME TOASTE, Sel moulu Gu\u00e9rande, paprika, ail, ciboulette, persil, oignon.<\/p>\n","protected":false},"featured_media":5355,"template":"","meta":{"_vp_format_video_url":"","_vp_image_focal_point":[]},"product_brand":[],"product_cat":[52,42],"product_tag":[],"class_list":{"0":"post-5298","1":"product","2":"type-product","3":"status-publish","4":"has-post-thumbnail","6":"product_cat-melange-sale","7":"product_cat-paillettes","8":"product_shipping_class-lettre-suivie","10":"first","11":"instock","12":"taxable","13":"shipping-taxable","14":"purchasable","15":"product-type-simple"},"aioseo_notices":[],"jetpack_sharing_enabled":true,"_links":{"self":[{"href":"https:\/\/www.spirulineangevine.com\/index.php\/wp-json\/wp\/v2\/product\/5298","targetHints":{"allow":["GET"]}}],"collection":[{"href":"https:\/\/www.spirulineangevine.com\/index.php\/wp-json\/wp\/v2\/product"}],"about":[{"href":"https:\/\/www.spirulineangevine.com\/index.php\/wp-json\/wp\/v2\/types\/product"}],"wp:featuredmedia":[{"embeddable":true,"href":"https:\/\/www.spirulineangevine.com\/index.php\/wp-json\/wp\/v2\/media\/5355"}],"wp:attachment":[{"href":"https:\/\/www.spirulineangevine.com\/index.php\/wp-json\/wp\/v2\/media?parent=5298"}],"wp:term":[{"taxonomy":"product_brand","embeddable":true,"href":"https:\/\/www.spirulineangevine.com\/index.php\/wp-json\/wp\/v2\/product_brand?post=5298"},{"taxonomy":"product_cat","embeddable":true,"href":"https:\/\/www.spirulineangevine.com\/index.php\/wp-json\/wp\/v2\/product_cat?post=5298"},{"taxonomy":"product_tag","embeddable":true,"href":"https:\/\/www.spirulineangevine.com\/index.php\/wp-json\/wp\/v2\/product_tag?post=5298"}],"curies":[{"name":"wp","href":"https:\/\/api.w.org\/{rel}","templated":true}]}}