{"id":5297,"date":"2025-10-09T09:15:09","date_gmt":"2025-10-09T09:15:09","guid":{"rendered":"http:\/\/rtdszcw.cluster100.hosting.ovh.net\/index.php\/produit\/recettes-a-la-spiruline-de-valerie-cupillard\/"},"modified":"2025-12-15T18:53:50","modified_gmt":"2025-12-15T18:53:50","slug":"recettes-a-la-spiruline-de-valerie-cupillard","status":"publish","type":"product","link":"https:\/\/www.spirulineangevine.com\/index.php\/produit\/recettes-a-la-spiruline-de-valerie-cupillard\/","title":{"rendered":"Recettes \u00e0 la spiruline de Val\u00e9rie Cupillard"},"content":{"rendered":"<p>Livre de Val\u00e9rie Cupillard, sp\u00e9cialiste de la cuisine v\u00e9g\u00e9tarienne.<br \/>\nRetrouvez ici plus de 35 recettes joyeusement v\u00e9g\u00e9tales et naturellement gourmandes !<\/p>\n","protected":false},"excerpt":{"rendered":"<p>Livre de Val\u00e9rie Cupillard, sp\u00e9cialiste de la cuisine v\u00e9g\u00e9tarienne. Retrouvez ici plus de 35 recettes joyeusement v\u00e9g\u00e9tales et naturellement gourmandes !<\/p>\n","protected":false},"featured_media":5374,"template":"","meta":{"_vp_format_video_url":"","_vp_image_focal_point":[]},"product_brand":[],"product_cat":[15],"product_tag":[],"class_list":{"0":"post-5297","1":"product","2":"type-product","3":"status-publish","4":"has-post-thumbnail","6":"product_cat-non-classe","7":"product_shipping_class-lettre-suivie","9":"first","10":"instock","11":"taxable","12":"shipping-taxable","13":"purchasable","14":"product-type-simple"},"aioseo_notices":[],"jetpack_sharing_enabled":true,"_links":{"self":[{"href":"https:\/\/www.spirulineangevine.com\/index.php\/wp-json\/wp\/v2\/product\/5297","targetHints":{"allow":["GET"]}}],"collection":[{"href":"https:\/\/www.spirulineangevine.com\/index.php\/wp-json\/wp\/v2\/product"}],"about":[{"href":"https:\/\/www.spirulineangevine.com\/index.php\/wp-json\/wp\/v2\/types\/product"}],"wp:featuredmedia":[{"embeddable":true,"href":"https:\/\/www.spirulineangevine.com\/index.php\/wp-json\/wp\/v2\/media\/5374"}],"wp:attachment":[{"href":"https:\/\/www.spirulineangevine.com\/index.php\/wp-json\/wp\/v2\/media?parent=5297"}],"wp:term":[{"taxonomy":"product_brand","embeddable":true,"href":"https:\/\/www.spirulineangevine.com\/index.php\/wp-json\/wp\/v2\/product_brand?post=5297"},{"taxonomy":"product_cat","embeddable":true,"href":"https:\/\/www.spirulineangevine.com\/index.php\/wp-json\/wp\/v2\/product_cat?post=5297"},{"taxonomy":"product_tag","embeddable":true,"href":"https:\/\/www.spirulineangevine.com\/index.php\/wp-json\/wp\/v2\/product_tag?post=5297"}],"curies":[{"name":"wp","href":"https:\/\/api.w.org\/{rel}","templated":true}]}}