{"id":5296,"date":"2025-10-09T09:15:08","date_gmt":"2025-10-09T09:15:08","guid":{"rendered":"http:\/\/rtdszcw.cluster100.hosting.ovh.net\/index.php\/produit\/melange-de-graines-pour-salades-a-la-spiruline-50g\/"},"modified":"2026-01-26T13:59:29","modified_gmt":"2026-01-26T13:59:29","slug":"melange-de-graines-pour-salades-a-la-spiruline-50g","status":"publish","type":"product","link":"https:\/\/www.spirulineangevine.com\/index.php\/produit\/melange-de-graines-pour-salades-a-la-spiruline-50g\/","title":{"rendered":"M\u00e9lange de graines pour salades \u00e0 la spiruline (50g)"},"content":{"rendered":"<p>Arrangement spirulin\u00e9 (40%) de courge, tournesol, s\u00e9same au curry et graines de chia. Ce m\u00e9lange croquant sera parfait sur vos salades de crudit\u00e9s<\/p>\n","protected":false},"excerpt":{"rendered":"<p>Arrangement spirulin\u00e9 (40%) de courge, tournesol, s\u00e9same au curry et graines de chia. Ce m\u00e9lange croquant sera parfait sur vos salades de crudit\u00e9s<\/p>\n","protected":false},"featured_media":5352,"template":"","meta":{"_vp_format_video_url":"","_vp_image_focal_point":[]},"product_brand":[],"product_cat":[52,42],"product_tag":[],"class_list":{"0":"post-5296","1":"product","2":"type-product","3":"status-publish","4":"has-post-thumbnail","6":"product_cat-melange-sale","7":"product_cat-paillettes","9":"first","10":"instock","11":"taxable","12":"shipping-taxable","13":"purchasable","14":"product-type-simple"},"aioseo_notices":[],"jetpack_sharing_enabled":true,"_links":{"self":[{"href":"https:\/\/www.spirulineangevine.com\/index.php\/wp-json\/wp\/v2\/product\/5296","targetHints":{"allow":["GET"]}}],"collection":[{"href":"https:\/\/www.spirulineangevine.com\/index.php\/wp-json\/wp\/v2\/product"}],"about":[{"href":"https:\/\/www.spirulineangevine.com\/index.php\/wp-json\/wp\/v2\/types\/product"}],"wp:featuredmedia":[{"embeddable":true,"href":"https:\/\/www.spirulineangevine.com\/index.php\/wp-json\/wp\/v2\/media\/5352"}],"wp:attachment":[{"href":"https:\/\/www.spirulineangevine.com\/index.php\/wp-json\/wp\/v2\/media?parent=5296"}],"wp:term":[{"taxonomy":"product_brand","embeddable":true,"href":"https:\/\/www.spirulineangevine.com\/index.php\/wp-json\/wp\/v2\/product_brand?post=5296"},{"taxonomy":"product_cat","embeddable":true,"href":"https:\/\/www.spirulineangevine.com\/index.php\/wp-json\/wp\/v2\/product_cat?post=5296"},{"taxonomy":"product_tag","embeddable":true,"href":"https:\/\/www.spirulineangevine.com\/index.php\/wp-json\/wp\/v2\/product_tag?post=5296"}],"curies":[{"name":"wp","href":"https:\/\/api.w.org\/{rel}","templated":true}]}}