{"id":5286,"date":"2025-10-09T08:56:48","date_gmt":"2025-10-09T08:56:48","guid":{"rendered":"http:\/\/rtdszcw.cluster100.hosting.ovh.net\/?post_type=product&#038;p=5286"},"modified":"2025-12-01T14:04:01","modified_gmt":"2025-12-01T14:04:01","slug":"spiruline-crue-deshydratee-en-paillettes-900gr","status":"publish","type":"product","link":"https:\/\/www.spirulineangevine.com\/index.php\/produit\/spiruline-crue-deshydratee-en-paillettes-900gr\/","title":{"rendered":"Spiruline crue d\u00e9shydrat\u00e9e en paillettes | 900gr"},"content":{"rendered":"<p>Ce sachet correspond \u00e0 9 mois de consommation continue pour une personne. Format id\u00e9al pour une famille ou pour une commande group\u00e9e en vrac : rapport qualit\u00e9-prix optimal !<\/p>\n<p>Je vous recommande d&rsquo;utiliser au quotidien un contenant herm\u00e9tique interm\u00e9diaire : le sachet est r\u00e9sistant mais le zip peut ne pas r\u00e9sister apr\u00e8s quelques semaines.<\/p>\n<p>Un \u00ab\u00a0Produit en Anjou\u00a0\u00bb !<\/p>\n","protected":false},"excerpt":{"rendered":"<p>gsgdsdgs<\/p>\n","protected":false},"featured_media":5388,"template":"","meta":{"_vp_format_video_url":"","_vp_image_focal_point":[]},"product_brand":[],"product_cat":[42],"product_tag":[43,44],"class_list":{"0":"post-5286","1":"product","2":"type-product","3":"status-publish","4":"has-post-thumbnail","6":"product_cat-paillettes","7":"product_tag-paillettes","8":"product_tag-sachet","9":"product_shipping_class-colissimo","11":"first","12":"instock","13":"taxable","14":"shipping-taxable","15":"purchasable","16":"product-type-simple"},"aioseo_notices":[],"jetpack_sharing_enabled":true,"_links":{"self":[{"href":"https:\/\/www.spirulineangevine.com\/index.php\/wp-json\/wp\/v2\/product\/5286","targetHints":{"allow":["GET"]}}],"collection":[{"href":"https:\/\/www.spirulineangevine.com\/index.php\/wp-json\/wp\/v2\/product"}],"about":[{"href":"https:\/\/www.spirulineangevine.com\/index.php\/wp-json\/wp\/v2\/types\/product"}],"wp:featuredmedia":[{"embeddable":true,"href":"https:\/\/www.spirulineangevine.com\/index.php\/wp-json\/wp\/v2\/media\/5388"}],"wp:attachment":[{"href":"https:\/\/www.spirulineangevine.com\/index.php\/wp-json\/wp\/v2\/media?parent=5286"}],"wp:term":[{"taxonomy":"product_brand","embeddable":true,"href":"https:\/\/www.spirulineangevine.com\/index.php\/wp-json\/wp\/v2\/product_brand?post=5286"},{"taxonomy":"product_cat","embeddable":true,"href":"https:\/\/www.spirulineangevine.com\/index.php\/wp-json\/wp\/v2\/product_cat?post=5286"},{"taxonomy":"product_tag","embeddable":true,"href":"https:\/\/www.spirulineangevine.com\/index.php\/wp-json\/wp\/v2\/product_tag?post=5286"}],"curies":[{"name":"wp","href":"https:\/\/api.w.org\/{rel}","templated":true}]}}