{"id":5054,"date":"2025-08-28T08:33:05","date_gmt":"2025-08-28T08:33:05","guid":{"rendered":"http:\/\/rtdszcw.cluster100.hosting.ovh.net\/?post_type=product&#038;p=5054"},"modified":"2025-12-01T14:13:21","modified_gmt":"2025-12-01T14:13:21","slug":"comprimes-de-pure-spiruline-crue-deshydratee-100g","status":"publish","type":"product","link":"https:\/\/www.spirulineangevine.com\/index.php\/produit\/comprimes-de-pure-spiruline-crue-deshydratee-100g\/","title":{"rendered":"Comprim\u00e9s de pure spiruline crue d\u00e9shydrat\u00e9e | 100g"},"content":{"rendered":"<p>Chaque sachet contient environ 200 comprim\u00e9s de spiruline ronds de 500mg, ce qui correspond \u00e0 un mois de consommation pour une personne. La spiruline a \u00e9t\u00e9 broy\u00e9e et comprim\u00e9e \u00e0 froid, sans aucun additif.<\/p>\n<p>Un \u00ab\u00a0Produit en Anjou\u00a0\u00bb !<\/p>\n","protected":false},"excerpt":{"rendered":"<p>Chaque sachet contient environ 200 comprim\u00e9s de spiruline ronds de 500mg, ce qui correspond \u00e0 un mois de consommation pour une personne. La spiruline a \u00e9t\u00e9 broy\u00e9e et comprim\u00e9e \u00e0 froid, sans aucun additif. Un \u00ab\u00a0Produit en Anjou\u00a0\u00bb !<\/p>\n","protected":false},"featured_media":5391,"template":"","meta":{"_vp_format_video_url":"","_vp_image_focal_point":[]},"product_brand":[],"product_cat":[47],"product_tag":[],"class_list":{"0":"post-5054","1":"product","2":"type-product","3":"status-publish","4":"has-post-thumbnail","6":"product_cat-comprimes","7":"product_shipping_class-lettre-suivie","9":"first","10":"instock","11":"taxable","12":"shipping-taxable","13":"purchasable","14":"product-type-simple"},"aioseo_notices":[],"jetpack_sharing_enabled":true,"_links":{"self":[{"href":"https:\/\/www.spirulineangevine.com\/index.php\/wp-json\/wp\/v2\/product\/5054","targetHints":{"allow":["GET"]}}],"collection":[{"href":"https:\/\/www.spirulineangevine.com\/index.php\/wp-json\/wp\/v2\/product"}],"about":[{"href":"https:\/\/www.spirulineangevine.com\/index.php\/wp-json\/wp\/v2\/types\/product"}],"wp:featuredmedia":[{"embeddable":true,"href":"https:\/\/www.spirulineangevine.com\/index.php\/wp-json\/wp\/v2\/media\/5391"}],"wp:attachment":[{"href":"https:\/\/www.spirulineangevine.com\/index.php\/wp-json\/wp\/v2\/media?parent=5054"}],"wp:term":[{"taxonomy":"product_brand","embeddable":true,"href":"https:\/\/www.spirulineangevine.com\/index.php\/wp-json\/wp\/v2\/product_brand?post=5054"},{"taxonomy":"product_cat","embeddable":true,"href":"https:\/\/www.spirulineangevine.com\/index.php\/wp-json\/wp\/v2\/product_cat?post=5054"},{"taxonomy":"product_tag","embeddable":true,"href":"https:\/\/www.spirulineangevine.com\/index.php\/wp-json\/wp\/v2\/product_tag?post=5054"}],"curies":[{"name":"wp","href":"https:\/\/api.w.org\/{rel}","templated":true}]}}