{"id":5040,"date":"2025-08-25T13:30:53","date_gmt":"2025-08-25T13:30:53","guid":{"rendered":"http:\/\/rtdszcw.cluster100.hosting.ovh.net\/?post_type=product&#038;p=5040"},"modified":"2026-04-27T14:41:02","modified_gmt":"2026-04-27T14:41:02","slug":"gourmandise-a-la-spiruline-pour-yaourt","status":"publish","type":"product","link":"https:\/\/www.spirulineangevine.com\/index.php\/produit\/gourmandise-a-la-spiruline-pour-yaourt\/","title":{"rendered":"Gourmandise \u00e0 la spiruline pour yaourt"},"content":{"rendered":"<p>Ce m\u00e9lange vous permettra d&rsquo;aromatiser vos yaourts et fromages blancs gr\u00e2ce \u00e0 la spiruline (40%), adoucie d&rsquo;une pointe de sucre non raffin\u00e9, de notes d&rsquo;agrumes, de fleurs d&rsquo;hibiscus et de romarin.<\/p>\n<p>1 sachet de 50g.<\/p>\n<p>&nbsp;<\/p>\n<p><span class=\"fontstyle0\">Ingr\u00e9dients : spiruline 40%, p<\/span><span class=\"fontstyle0\">omme, sucre de fleur de coco, sucre de <\/span><span class=\"fontstyle0\">canne brut, Zeste de citron, Zeste d\u2019orange, fleurs <\/span><span class=\"fontstyle0\">d\u2019hibiscus, piment de la Jama\u00efque, romarin.<\/span><\/p>\n","protected":false},"excerpt":{"rendered":"<p>Ce m\u00e9lange vous permettra d&rsquo;aromatiser vos yaourts et fromages blancs gr\u00e2ce \u00e0 la spiruline (40%), adoucie d&rsquo;une pointe de sucre non raffin\u00e9, de notes d&rsquo;agrumes, de fleurs d&rsquo;hibiscus et de romarin. 1 sachet de 50g. &nbsp; Ingr\u00e9dients : spiruline 40%, pomme, sucre de fleur de coco, sucre de canne brut, Zeste de citron, Zeste d\u2019orange, [&hellip;]<\/p>\n","protected":false},"featured_media":5042,"template":"","meta":{"_vp_format_video_url":"","_vp_image_focal_point":[]},"product_brand":[],"product_cat":[53,42],"product_tag":[],"class_list":{"0":"post-5040","1":"product","2":"type-product","3":"status-publish","4":"has-post-thumbnail","6":"product_cat-melange-sucre","7":"product_cat-paillettes","9":"first","10":"instock","11":"taxable","12":"shipping-taxable","13":"purchasable","14":"product-type-simple"},"aioseo_notices":[],"jetpack_sharing_enabled":true,"_links":{"self":[{"href":"https:\/\/www.spirulineangevine.com\/index.php\/wp-json\/wp\/v2\/product\/5040","targetHints":{"allow":["GET"]}}],"collection":[{"href":"https:\/\/www.spirulineangevine.com\/index.php\/wp-json\/wp\/v2\/product"}],"about":[{"href":"https:\/\/www.spirulineangevine.com\/index.php\/wp-json\/wp\/v2\/types\/product"}],"wp:featuredmedia":[{"embeddable":true,"href":"https:\/\/www.spirulineangevine.com\/index.php\/wp-json\/wp\/v2\/media\/5042"}],"wp:attachment":[{"href":"https:\/\/www.spirulineangevine.com\/index.php\/wp-json\/wp\/v2\/media?parent=5040"}],"wp:term":[{"taxonomy":"product_brand","embeddable":true,"href":"https:\/\/www.spirulineangevine.com\/index.php\/wp-json\/wp\/v2\/product_brand?post=5040"},{"taxonomy":"product_cat","embeddable":true,"href":"https:\/\/www.spirulineangevine.com\/index.php\/wp-json\/wp\/v2\/product_cat?post=5040"},{"taxonomy":"product_tag","embeddable":true,"href":"https:\/\/www.spirulineangevine.com\/index.php\/wp-json\/wp\/v2\/product_tag?post=5040"}],"curies":[{"name":"wp","href":"https:\/\/api.w.org\/{rel}","templated":true}]}}