{"id":5312,"date":"2025-10-09T10:23:24","date_gmt":"2025-10-09T10:23:24","guid":{"rendered":"http:\/\/rtdszcw.cluster100.hosting.ovh.net\/?page_id=5312"},"modified":"2025-10-20T09:23:38","modified_gmt":"2025-10-20T09:23:38","slug":"conditions-generales-de-vente","status":"publish","type":"page","link":"https:\/\/www.spirulineangevine.com\/index.php\/conditions-generales-de-vente\/","title":{"rendered":"Conditions g\u00e9n\u00e9rales de vente"},"content":{"rendered":"\n<p><strong>1.&nbsp;Domaine d\u2019application<\/strong><\/p>\n\n\n\n<p>Les CGV ci-dessous s\u2019appliquent \u00e0 toutes les commandes pass\u00e9es sur notre boutique en ligne. Notre boutique en ligne s\u2019adresse exclusivement aux consommateurs.<\/p>\n\n\n\n<p>Un \u00ab\u00a0consommateur\u00a0\u00bb est d\u00e9fini comme \u00a0\u00bb toute personne physique qui agit \u00e0 des fins qui n&rsquo;entrent pas dans le cadre de son activit\u00e9 commerciale, industrielle, artisanale, lib\u00e9rale ou agricole\u00a0\u00bb. Un \u00ab\u00a0professionnel\u00a0\u00bb est d\u00e9fini comme \u00ab\u00a0toute personne physique ou morale, publique ou priv\u00e9e, qui agit \u00e0 des fins entrant dans le cadre de son activit\u00e9 commerciale, industrielle, artisanale, lib\u00e9rale ou agricole, y compris lorsqu&rsquo;elle agit au nom ou pour le compte d&rsquo;un autre professionnel\u00a0\u00bb.<\/p>\n\n\n\n<p><strong>2.&nbsp;Partenaires contractuels et conclusion du contrat<\/strong><\/p>\n\n\n\n<p>Le contrat de vente est conclu avec Spiruline angevine.<\/p>\n\n\n\n<p>Conform\u00e9ment aux dispositions du code civil sur la conclusion des contrats en ligne, apr\u00e8s avoir visualis\u00e9 le d\u00e9tail de votre commande, et en particulier son prix total, vous aurez la possibilit\u00e9 d\u00b4en corriger d\u2019\u00e9ventuelles erreurs. Ensuite, le contrat sera conclu lorsque vous cliquerez sur le bouton vous permettant de confirmer votre commande et de reconna\u00eetre votre obligation de paiement.<\/p>\n\n\n\n<p><strong>3.&nbsp;Langue(s) contractuelle(s) et enregistrement du texte du contrat<\/strong><\/p>\n\n\n\n<p>La\/Les langue(s) disponible(s) pour la conclusion du contrat est\/sont : fran\u00e7ais, anglais<\/p>\n\n\n\n<p>Nous enregistrons le texte du contrat et nous vous transmettons par e-mail les donn\u00e9es de votre commande ainsi que nos CGV. Pour des raisons de s\u00e9curit\u00e9, le texte du contrat n&rsquo;est pas accessible sur internet mais uniquement disponible sur demande.<\/p>\n\n\n\n<p><strong>4.&nbsp;Conditions de livraison<\/strong><\/p>\n\n\n\n<p>Des frais d\u2019exp\u00e9dition s\u2019ajoutent aux prix des produits indiqu\u00e9s. De plus amples informations sur le montant des frais d\u2019exp\u00e9dition vous sont fournies avec les offres.<\/p>\n\n\n\n<p>Vous avez en principe la possibilit\u00e9 de proc\u00e9der \u00e0 un enl\u00e8vement \u00e0 l\u00b4adresse suivante Spiruline angevine, 11, lieu-dit La Pr\u00e9e, Brain sur Longuen\u00e9e, 49220 Erdre en Anjou, France sur rendez-vous.<\/p>\n\n\n\n<p>Les produits mis en vente sur notre site ne peuvent pas \u00eatre livr\u00e9s dans des consignes automatiques.<\/p>\n\n\n\n<p><strong>5.&nbsp;Paiement<\/strong><\/p>\n\n\n\n<p>En principe, les moyens de paiement suivants sont \u00e0 votre disposition dans notre boutique :<\/p>\n\n\n\n<p><strong>PayPal<\/strong><\/p>\n\n\n\n<p>Afin de pouvoir r\u00e9gler le montant de la facture via le prestataire de services de paiement PayPal (Europe) S.\u00e0 r.l. et Cie, S.C.A, 22-24 Boulevard Royal, L-2449 Luxembourg (\u201ePayPal\u201c), vous devez \u00eatre enregistr\u00e9 aupr\u00e8s de Paypal, vous identifier avec vos donn\u00e9es d&rsquo;acc\u00e8s et confirmer l\u2019ordre de paiement. La transaction est effectu\u00e9e par PayPal apr\u00e8s envoi de la marchandise. De plus amples informations sont disponibles lors du processus de commande.<\/p>\n\n\n\n<p>PayPal peut s\u00e9lectionner selon des crit\u00e8res propres des clients PayPal et leur proposer d&rsquo;autres modalit\u00e9s de paiement dans leur compte client. Nous n&rsquo;avons aucune influence sur l&rsquo;offre de ces modalit\u00e9s ; les autres modalit\u00e9s de paiement propos\u00e9es individuellement rel\u00e8vent de votre relation juridique avec PayPal. Vous trouverez de plus amples informations \u00e0 ce sujet dans votre compte PayPal.<\/p>\n\n\n\n<p><strong>Traitement des paiements dans le cadre des services Paypal<\/strong><\/p>\n\n\n\n<p>En coop\u00e9ration avec le service de paiement PayPal, nous vous proposons diff\u00e9rents modes de paiement au titre des services PayPal. Vous n&rsquo;avez pas besoin d&rsquo;\u00eatre enregistr\u00e9 aupr\u00e8s de PayPal pour pouvoir payer le montant de la facture. En fonction du mode de paiement choisi, il est possible que vous soyez redirig\u00e9 vers le site de PayPal et du service de paiement s\u00e9lectionn\u00e9 apr\u00e8s que vous ayez pass\u00e9 la commande :<br><\/p>\n\n\n\n<p><strong>Carte de cr\u00e9dit<\/strong><\/p>\n\n\n\n<p>Imm\u00e9diatement apr\u00e8s confirmation de l\u2019ordre de paiement et authentification de votre qualit\u00e9 de d\u00e9tenteur l\u00e9gitime de la carte par l\u2019\u00e9tablissement \u00e9metteur de ladite carte, l\u2019op\u00e9ration de paiement est effectu\u00e9e sur demande de PayPal et votre carte est d\u00e9bit\u00e9e.<\/p>\n\n\n\n<p><strong>6.&nbsp;Garanties et conformit\u00e9<\/strong><\/p>\n\n\n\n<p>Le droit en mati\u00e8re de garanties l\u00e9gales s\u2019applique. Nous r\u00e9pondons de celles-ci.<\/p>\n\n\n\n<p>Vous trouverez sur la boutique en ligne, pour chaque produit une fiche d\u2019informations sp\u00e9cifique ainsi que des informations relatives aux garanties suppl\u00e9mentaires sp\u00e9cifiques \u00e9ventuellement applicables au produit.<\/p>\n\n\n\n<p><strong>Nos coordonn\u00e9es :<\/strong><\/p>\n\n\n\n<p>Spiruline angevine<br>11 lieu-dit La Pr\u00e9e, Brain sur Longuen\u00e9e<br>49220 Erdre en Anjou<br>France<br>Num\u00e9ro de t\u00e9l\u00e9phone : 0683877321<br><a href=\"mailto:spirulineangevine@outlook.fr\">spirulineangevine@outlook.fr<\/a><\/p>\n\n\n\n<p><\/p>\n\n\n\n<p>Le consommateur dispose d&rsquo;un d\u00e9lai de deux ans \u00e0 compter de la d\u00e9livrance du bien pour obtenir la mise en \u0153uvre de la garantie l\u00e9gale de conformit\u00e9 en cas d&rsquo;apparition d&rsquo;un d\u00e9faut de conformit\u00e9. Durant ce d\u00e9lai, le consommateur n&rsquo;est tenu d&rsquo;\u00e9tablir que l&rsquo;existence du d\u00e9faut de conformit\u00e9 et non la date d&rsquo;apparition de celui-ci.<\/p>\n\n\n\n<p>Lorsque le contrat de vente du bien pr\u00e9voit la fourniture d&rsquo;un contenu num\u00e9rique ou d&rsquo;un service num\u00e9rique de mani\u00e8re continue pendant une dur\u00e9e sup\u00e9rieure \u00e0 deux ans, la garantie l\u00e9gale est applicable \u00e0 ce contenu num\u00e9rique ou ce service num\u00e9rique tout au long de la p\u00e9riode de fourniture pr\u00e9vue. Durant ce d\u00e9lai, le consommateur n&rsquo;est tenu d&rsquo;\u00e9tablir que l&rsquo;existence du d\u00e9faut de conformit\u00e9 affectant le contenu num\u00e9rique ou le service num\u00e9rique et non la date d&rsquo;apparition de celui-ci.<\/p>\n\n\n\n<p>La garantie l\u00e9gale de conformit\u00e9 emporte obligation pour le professionnel, le cas \u00e9ch\u00e9ant, de fournir toutes les mises \u00e0 jour n\u00e9cessaires au maintien de la conformit\u00e9 du bien.<\/p>\n\n\n\n<p>La garantie l\u00e9gale de conformit\u00e9 donne au consommateur droit \u00e0 la r\u00e9paration ou au remplacement du bien dans un d\u00e9lai de trente jours suivant sa demande, sans frais et sans inconv\u00e9nient majeur pour lui.<\/p>\n\n\n\n<p>Si le bien est r\u00e9par\u00e9 dans le cadre de la garantie l\u00e9gale de conformit\u00e9, le consommateur b\u00e9n\u00e9ficie d&rsquo;une extension de six mois de la garantie initiale.<\/p>\n\n\n\n<p>Si le consommateur demande la r\u00e9paration du bien, mais que le vendeur impose le remplacement, la garantie l\u00e9gale de conformit\u00e9 est renouvel\u00e9e pour une p\u00e9riode de deux ans \u00e0 compter de la date de remplacement du bien.<\/p>\n","protected":false},"excerpt":{"rendered":"<p>1.&nbsp;Domaine d\u2019application Les CGV ci-dessous s\u2019appliquent \u00e0 toutes les commandes pass\u00e9es sur notre boutique en ligne. Notre boutique en ligne s\u2019adresse exclusivement aux consommateurs. Un \u00ab\u00a0consommateur\u00a0\u00bb est d\u00e9fini comme \u00a0\u00bb toute personne physique qui agit \u00e0 des fins qui n&rsquo;entrent pas dans le cadre de son activit\u00e9 commerciale, industrielle, artisanale, lib\u00e9rale ou agricole\u00a0\u00bb. Un \u00ab\u00a0professionnel\u00a0\u00bb [&hellip;]<\/p>\n","protected":false},"author":1,"featured_media":0,"parent":0,"menu_order":0,"comment_status":"closed","ping_status":"closed","template":"","meta":{"_vp_format_video_url":"","_vp_image_focal_point":[],"footnotes":""},"class_list":["post-5312","page","type-page","status-publish","hentry"],"aioseo_notices":[],"jetpack_sharing_enabled":true,"_links":{"self":[{"href":"https:\/\/www.spirulineangevine.com\/index.php\/wp-json\/wp\/v2\/pages\/5312","targetHints":{"allow":["GET"]}}],"collection":[{"href":"https:\/\/www.spirulineangevine.com\/index.php\/wp-json\/wp\/v2\/pages"}],"about":[{"href":"https:\/\/www.spirulineangevine.com\/index.php\/wp-json\/wp\/v2\/types\/page"}],"author":[{"embeddable":true,"href":"https:\/\/www.spirulineangevine.com\/index.php\/wp-json\/wp\/v2\/users\/1"}],"replies":[{"embeddable":true,"href":"https:\/\/www.spirulineangevine.com\/index.php\/wp-json\/wp\/v2\/comments?post=5312"}],"version-history":[{"count":2,"href":"https:\/\/www.spirulineangevine.com\/index.php\/wp-json\/wp\/v2\/pages\/5312\/revisions"}],"predecessor-version":[{"id":5380,"href":"https:\/\/www.spirulineangevine.com\/index.php\/wp-json\/wp\/v2\/pages\/5312\/revisions\/5380"}],"wp:attachment":[{"href":"https:\/\/www.spirulineangevine.com\/index.php\/wp-json\/wp\/v2\/media?parent=5312"}],"curies":[{"name":"wp","href":"https:\/\/api.w.org\/{rel}","templated":true}]}}