{"id":5110,"date":"2025-09-01T10:50:27","date_gmt":"2025-09-01T10:50:27","guid":{"rendered":"http:\/\/rtdszcw.cluster100.hosting.ovh.net\/?page_id=5110"},"modified":"2026-02-19T09:47:07","modified_gmt":"2026-02-19T09:47:07","slug":"la-spiruliniere-et-sa-ferme","status":"publish","type":"page","link":"https:\/\/www.spirulineangevine.com\/index.php\/a-propos\/la-spiruliniere-et-sa-ferme\/","title":{"rendered":"La spirulini\u00e8re et sa ferme"},"content":{"rendered":"\n<h2 class=\"wp-block-heading\">Moi, c&rsquo;est Florence.<\/h2>\n\n\n\n<figure class=\"wp-block-image size-large\"><img decoding=\"async\" src=\"https:\/\/www.spirulineangevine.com\/wp-content\/uploads\/2025\/10\/florence_web.jpg\" alt=\"\"\/><\/figure>\n\n\n\n<p>Apr\u00e8s des \u00e9tudes scientifiques et plusieurs ann\u00e9es de travail salari\u00e9 dans l\u2019industrie pharmaceutique, la d\u00e9couverte en 2013 de la spiruline a d\u00e9clench\u00e9 mon souhait de reconversion. C&rsquo;\u00e9tait le d\u00e9but de ma r\u00e9orientation vers une activit\u00e9 plus en accord avec mes aspirations personnelles et qui me procure plus d&rsquo;autonomie dans mon quotidien.<\/p>\n\n\n\n<p>Convaincue des&nbsp;<a href=\"https:\/\/www.spirulineangevine.com\/composition-et-bienfaits\">vertus du produit<\/a>&nbsp;et s\u00e9duite par son mode de production artisanal et peu \u00e9nergivore, je me suis rapproch\u00e9e de la F\u00e9d\u00e9ration des Spiruliniers de France (<a href=\"https:\/\/www.spiruliniersdefrance.fr\/\" target=\"_blank\" rel=\"noreferrer noopener\">FSF<\/a>), \u00e0 laquelle je suis adh\u00e9rente depuis 2016, pour m\u00fbrir et accompagner mon projet d\u2019installation.<\/p>\n\n\n\n<p>Retour tardif sur les bancs de la facult\u00e9 fin 2016 pour un Dipl\u00f4me Universitaire de Chef de projet en aquaculture (\u00e0 S\u00e8te), qui est venu compl\u00e9ter mes comp\u00e9tences. Il m\u2019a permis de faire 3 stages formidablement compl\u00e9mentaires (<a href=\"http:\/\/www.spiruline-de-rochefort.fr\/\" target=\"_blank\" rel=\"noreferrer noopener\">Spiruline de Rochefort<\/a>,&nbsp;<a href=\"https:\/\/www.spiruline-fr.com\/index.htm\" target=\"_blank\" rel=\"noreferrer noopener\">Spiruline de Haute-Saintonge<\/a>,&nbsp;<a href=\"http:\/\/www.spirulinedesfrangines.com\/\" target=\"_blank\" rel=\"noreferrer noopener\">Spiruline des Frangines<\/a>), qui m\u2019ont donn\u00e9 la confiance n\u00e9cessaire pour cr\u00e9er ma propre structure et changer de vie.<\/p>\n\n\n\n<p>Fin 2017, il est alors temps pour moi de retrouver l\u2019Anjou familial pour y cr\u00e9er\u00a0ma ferme de production\u00a0et vous faire d\u00e9couvrir cette merveilleuse spiruline encore peu r\u00e9pandue dans ce joli coin de France.<\/p>\n\n\n\n<p>Le d\u00e9marrage de l&rsquo;activit\u00e9 s&rsquo;est fait\u00a0\u00e0 l&rsquo;<strong>\u00e9t\u00e9 2019<\/strong>.<\/p>\n\n\n\n<p>Grand changement fin 2021 ! Apr\u00e8s avoir trouv\u00e9 un petit coin de paradis, je profite de l&rsquo;inter-saison pour d\u00e9m\u00e9nager mon activit\u00e9 \u00e0 domicile \u00e0 La Pr\u00e9e.<\/p>\n\n\n\n<hr class=\"wp-block-separator has-alpha-channel-opacity\"\/>\n\n\n\n<h2 class=\"wp-block-heading\">La ferme de production<\/h2>\n\n\n\n<figure class=\"wp-block-image size-large\"><img decoding=\"async\" src=\"https:\/\/www.spirulineangevine.com\/wp-content\/uploads\/2025\/09\/319283156_578992320897961_1239081842810846955_n-1024x768.jpg\" alt=\"\"\/><\/figure>\n\n\n\n<p>La ferme \u00ab\u00a0Spiruline angevine\u00a0\u00bb est une&nbsp;<strong>structure paysanne et artisanale<\/strong>.<\/p>\n\n\n\n<p>De 2019 \u00e0 2021, en phase de lancement, elle \u00e9tait constitu\u00e9e d\u2019<strong>une serre abritant 2 bassins de culture&nbsp;<\/strong>hors-sol pour 185m\u00b2. A partir de 2022, une double serre plastique accueille 2 bassins de 155m\u00b2 chacun, mis en production au printemps, et 2 bassins de plus pr\u00e9vus en 2023.<\/p>\n\n\n\n<p>La serre permet de chauffer naturellement le milieu (entre 20 et 35\u00b0C). La r\u00e9colte (\u00e9gouttage) et le pressage (aspiration du milieu par le vide) sont r\u00e9alis\u00e9s \u00e0 proximit\u00e9 des bassins.<\/p>\n\n\n\n<p>\u200bA chaque \u00e9tape, une pes\u00e9e permet de suivre la productivit\u00e9 et d&rsquo;avoir des tendances de production.&nbsp;<strong>Un module laboratoire&nbsp;<\/strong>adjacent abrite les \u00e9tapes de mise en forme, de s\u00e9chage (38\u00b0C maxi) et de conditionnement de la spiruline.<\/p>\n\n\n\n<p>Une partie des \u00e9quipements de production a \u00e9t\u00e9 co-financ\u00e9e par la R\u00e9gion et l&rsquo;Europe. Pour accompagner l&rsquo;essor de mon activit\u00e9 et mon d\u00e9m\u00e9nagement, j&rsquo;ai aussi \u00e9t\u00e9 soutenue par la R\u00e9gion et l&rsquo;Europe pour pouvoir investir dans mes b\u00e2timents (serre et laboratoire).<\/p>\n\n\n\n<figure class=\"wp-block-gallery has-nested-images columns-default is-cropped wp-block-gallery-1 is-layout-flex wp-block-gallery-is-layout-flex\">\n<figure class=\"wp-block-image size-large\"><img loading=\"lazy\" decoding=\"async\" width=\"1024\" height=\"576\" data-id=\"5116\" src=\"http:\/\/rtdszcw.cluster100.hosting.ovh.net\/wp-content\/uploads\/2025\/09\/egouttage-4-1024x576.jpg\" alt=\"\" class=\"wp-image-5116\" srcset=\"https:\/\/www.spirulineangevine.com\/wp-content\/uploads\/2025\/09\/egouttage-4-1024x576.jpg 1024w, https:\/\/www.spirulineangevine.com\/wp-content\/uploads\/2025\/09\/egouttage-4-600x338.jpg 600w, https:\/\/www.spirulineangevine.com\/wp-content\/uploads\/2025\/09\/egouttage-4-300x169.jpg 300w, https:\/\/www.spirulineangevine.com\/wp-content\/uploads\/2025\/09\/egouttage-4-768x432.jpg 768w, https:\/\/www.spirulineangevine.com\/wp-content\/uploads\/2025\/09\/egouttage-4-1536x864.jpg 1536w, https:\/\/www.spirulineangevine.com\/wp-content\/uploads\/2025\/09\/egouttage-4.jpg 1920w\" sizes=\"auto, (max-width: 1024px) 100vw, 1024px\" \/><\/figure>\n\n\n\n<figure class=\"wp-block-image size-large\"><img loading=\"lazy\" decoding=\"async\" width=\"1024\" height=\"576\" data-id=\"5117\" src=\"http:\/\/rtdszcw.cluster100.hosting.ovh.net\/wp-content\/uploads\/2025\/09\/spagettis-3-1024x576.jpg\" alt=\"\" class=\"wp-image-5117\" srcset=\"https:\/\/www.spirulineangevine.com\/wp-content\/uploads\/2025\/09\/spagettis-3-1024x576.jpg 1024w, https:\/\/www.spirulineangevine.com\/wp-content\/uploads\/2025\/09\/spagettis-3-600x338.jpg 600w, https:\/\/www.spirulineangevine.com\/wp-content\/uploads\/2025\/09\/spagettis-3-300x169.jpg 300w, https:\/\/www.spirulineangevine.com\/wp-content\/uploads\/2025\/09\/spagettis-3-768x432.jpg 768w, https:\/\/www.spirulineangevine.com\/wp-content\/uploads\/2025\/09\/spagettis-3-1536x864.jpg 1536w, https:\/\/www.spirulineangevine.com\/wp-content\/uploads\/2025\/09\/spagettis-3.jpg 1920w\" sizes=\"auto, (max-width: 1024px) 100vw, 1024px\" \/><\/figure>\n<\/figure>\n","protected":false},"excerpt":{"rendered":"<p>Moi, c&rsquo;est Florence. Apr\u00e8s des \u00e9tudes scientifiques et plusieurs ann\u00e9es de travail salari\u00e9 dans l\u2019industrie pharmaceutique, la d\u00e9couverte en 2013 de la spiruline a d\u00e9clench\u00e9 mon souhait de reconversion. C&rsquo;\u00e9tait le d\u00e9but de ma r\u00e9orientation vers une activit\u00e9 plus en accord avec mes aspirations personnelles et qui me procure plus d&rsquo;autonomie dans mon quotidien. Convaincue [&hellip;]<\/p>\n","protected":false},"author":1,"featured_media":0,"parent":5034,"menu_order":0,"comment_status":"closed","ping_status":"closed","template":"","meta":{"_vp_format_video_url":"","_vp_image_focal_point":[],"footnotes":""},"class_list":["post-5110","page","type-page","status-publish","hentry"],"aioseo_notices":[],"jetpack_sharing_enabled":true,"_links":{"self":[{"href":"https:\/\/www.spirulineangevine.com\/index.php\/wp-json\/wp\/v2\/pages\/5110","targetHints":{"allow":["GET"]}}],"collection":[{"href":"https:\/\/www.spirulineangevine.com\/index.php\/wp-json\/wp\/v2\/pages"}],"about":[{"href":"https:\/\/www.spirulineangevine.com\/index.php\/wp-json\/wp\/v2\/types\/page"}],"author":[{"embeddable":true,"href":"https:\/\/www.spirulineangevine.com\/index.php\/wp-json\/wp\/v2\/users\/1"}],"replies":[{"embeddable":true,"href":"https:\/\/www.spirulineangevine.com\/index.php\/wp-json\/wp\/v2\/comments?post=5110"}],"version-history":[{"count":7,"href":"https:\/\/www.spirulineangevine.com\/index.php\/wp-json\/wp\/v2\/pages\/5110\/revisions"}],"predecessor-version":[{"id":5621,"href":"https:\/\/www.spirulineangevine.com\/index.php\/wp-json\/wp\/v2\/pages\/5110\/revisions\/5621"}],"up":[{"embeddable":true,"href":"https:\/\/www.spirulineangevine.com\/index.php\/wp-json\/wp\/v2\/pages\/5034"}],"wp:attachment":[{"href":"https:\/\/www.spirulineangevine.com\/index.php\/wp-json\/wp\/v2\/media?parent=5110"}],"curies":[{"name":"wp","href":"https:\/\/api.w.org\/{rel}","templated":true}]}}